{"id":3599,"date":"2026-04-30T14:14:49","date_gmt":"2026-04-30T14:14:49","guid":{"rendered":"http:\/\/sylvariswoodslocal.local\/products\/teak-wood-columns\/"},"modified":"2026-04-30T14:14:49","modified_gmt":"2026-04-30T14:14:49","slug":"saulen-aus-teakholz","status":"publish","type":"product","link":"https:\/\/sylvariswoods.com\/de\/products\/teak-wood-columns\/","title":{"rendered":"Teakholz-S\u00e4ulen"},"content":{"rendered":"<p>Massive Teakholzpfosten und -s\u00e4ulen f\u00fcr strukturelle, architektonische und Au\u00dfenanwendungen, bei denen es auf St\u00e4rke, Sch\u00f6nheit und Haltbarkeit ankommt.<\/p>","protected":false},"excerpt":{"rendered":"<p>Massive Teakholzpfosten und -s\u00e4ulen f\u00fcr strukturelle, architektonische und Au\u00dfenanwendungen, bei denen es auf St\u00e4rke, Sch\u00f6nheit und Haltbarkeit ankommt.<\/p>","protected":false},"featured_media":3600,"template":"","product_category":[20,19],"class_list":["post-3599","product","type-product","status-publish","has-post-thumbnail","hentry","product_category-outdoor-cladding","product_category-structural-timber"],"acf":[],"_links":{"self":[{"href":"https:\/\/sylvariswoods.com\/de\/wp-json\/wp\/v2\/product\/3599","targetHints":{"allow":["GET"]}}],"collection":[{"href":"https:\/\/sylvariswoods.com\/de\/wp-json\/wp\/v2\/product"}],"about":[{"href":"https:\/\/sylvariswoods.com\/de\/wp-json\/wp\/v2\/types\/product"}],"version-history":[{"count":0,"href":"https:\/\/sylvariswoods.com\/de\/wp-json\/wp\/v2\/product\/3599\/revisions"}],"wp:featuredmedia":[{"embeddable":true,"href":"https:\/\/sylvariswoods.com\/de\/wp-json\/wp\/v2\/media\/3600"}],"wp:attachment":[{"href":"https:\/\/sylvariswoods.com\/de\/wp-json\/wp\/v2\/media?parent=3599"}],"wp:term":[{"taxonomy":"product_category","embeddable":true,"href":"https:\/\/sylvariswoods.com\/de\/wp-json\/wp\/v2\/product_category?post=3599"}],"curies":[{"name":"wp","href":"https:\/\/api.w.org\/{rel}","templated":true}]}}