{"id":3603,"date":"2026-04-30T14:14:50","date_gmt":"2026-04-30T14:14:50","guid":{"rendered":"http:\/\/sylvariswoodslocal.local\/products\/grooved-teak-flooring\/"},"modified":"2026-04-30T14:14:50","modified_gmt":"2026-04-30T14:14:50","slug":"gerillte-teakholzdielen","status":"publish","type":"product","link":"https:\/\/sylvariswoods.com\/de\/products\/grooved-teak-flooring\/","title":{"rendered":"Gerillte Teakholzdielen"},"content":{"rendered":"<p>Gerillte Teakholzbel\u00e4ge f\u00fcr Rutschfestigkeit, Drainage und lange Lebensdauer im Au\u00dfenbereich von Terrassen, Pools und Au\u00dfenwegen.<\/p>","protected":false},"excerpt":{"rendered":"<p>Gerillte Teakholzbel\u00e4ge f\u00fcr Rutschfestigkeit, Drainage und lange Lebensdauer im Au\u00dfenbereich von Terrassen, Pools und Au\u00dfenwegen.<\/p>","protected":false},"featured_media":3604,"template":"","product_category":[18,20],"class_list":["post-3603","product","type-product","status-publish","has-post-thumbnail","hentry","product_category-flooring-interior","product_category-outdoor-cladding"],"acf":[],"_links":{"self":[{"href":"https:\/\/sylvariswoods.com\/de\/wp-json\/wp\/v2\/product\/3603","targetHints":{"allow":["GET"]}}],"collection":[{"href":"https:\/\/sylvariswoods.com\/de\/wp-json\/wp\/v2\/product"}],"about":[{"href":"https:\/\/sylvariswoods.com\/de\/wp-json\/wp\/v2\/types\/product"}],"version-history":[{"count":0,"href":"https:\/\/sylvariswoods.com\/de\/wp-json\/wp\/v2\/product\/3603\/revisions"}],"wp:featuredmedia":[{"embeddable":true,"href":"https:\/\/sylvariswoods.com\/de\/wp-json\/wp\/v2\/media\/3604"}],"wp:attachment":[{"href":"https:\/\/sylvariswoods.com\/de\/wp-json\/wp\/v2\/media?parent=3603"}],"wp:term":[{"taxonomy":"product_category","embeddable":true,"href":"https:\/\/sylvariswoods.com\/de\/wp-json\/wp\/v2\/product_category?post=3603"}],"curies":[{"name":"wp","href":"https:\/\/api.w.org\/{rel}","templated":true}]}}