{"id":3605,"date":"2026-04-30T14:14:51","date_gmt":"2026-04-30T14:14:51","guid":{"rendered":"http:\/\/sylvariswoodslocal.local\/products\/teak-parquet-flooring\/"},"modified":"2026-04-30T14:14:51","modified_gmt":"2026-04-30T14:14:51","slug":"teak-parkettboden","status":"publish","type":"product","link":"https:\/\/sylvariswoods.com\/de\/products\/teak-parquet-flooring\/","title":{"rendered":"Teak-Parkettfu\u00dfboden"},"content":{"rendered":"<p>Massives Teakparkett f\u00fcr Fischgr\u00e4ten-, Chevron-, Korbgeflecht- und individuelle Muster in raffinierten Innenr\u00e4umen.<\/p>","protected":false},"excerpt":{"rendered":"<p>Massives Teakparkett f\u00fcr Fischgr\u00e4ten-, Chevron-, Korbgeflecht- und individuelle Muster in raffinierten Innenr\u00e4umen.<\/p>","protected":false},"featured_media":3606,"template":"","product_category":[18],"class_list":["post-3605","product","type-product","status-publish","has-post-thumbnail","hentry","product_category-flooring-interior"],"acf":[],"_links":{"self":[{"href":"https:\/\/sylvariswoods.com\/de\/wp-json\/wp\/v2\/product\/3605","targetHints":{"allow":["GET"]}}],"collection":[{"href":"https:\/\/sylvariswoods.com\/de\/wp-json\/wp\/v2\/product"}],"about":[{"href":"https:\/\/sylvariswoods.com\/de\/wp-json\/wp\/v2\/types\/product"}],"version-history":[{"count":0,"href":"https:\/\/sylvariswoods.com\/de\/wp-json\/wp\/v2\/product\/3605\/revisions"}],"wp:featuredmedia":[{"embeddable":true,"href":"https:\/\/sylvariswoods.com\/de\/wp-json\/wp\/v2\/media\/3606"}],"wp:attachment":[{"href":"https:\/\/sylvariswoods.com\/de\/wp-json\/wp\/v2\/media?parent=3605"}],"wp:term":[{"taxonomy":"product_category","embeddable":true,"href":"https:\/\/sylvariswoods.com\/de\/wp-json\/wp\/v2\/product_category?post=3605"}],"curies":[{"name":"wp","href":"https:\/\/api.w.org\/{rel}","templated":true}]}}